{"id":962,"date":"2022-09-09T09:09:00","date_gmt":"2022-09-09T07:09:00","guid":{"rendered":"https:\/\/stanislavduvetter.com\/?page_id=962"},"modified":"2024-05-17T13:46:05","modified_gmt":"2024-05-17T11:46:05","slug":"activites","status":"publish","type":"page","link":"https:\/\/stanislavduvetter.com\/index.php\/activites\/","title":{"rendered":"z HOBBIES"},"content":{"rendered":"\n<p class=\"has-text-align-center\">.<\/p>\n\n\n\n<p class=\"has-text-align-center\"><strong>FILMS :<\/strong><\/p>\n\n\n\n<p class=\"has-text-align-left\"><em>J&#8217;adore regarder des films et des dessins anim\u00e9s, surtout mes films pr\u00e9f\u00e9r\u00e9s comme <strong>HARRY POTTER <\/strong>avec <a rel=\"noreferrer noopener\" href=\"https:\/\/www.imdb.com\/name\/nm0705356\/\" target=\"_blank\">Daniel Radcliffe<\/a>; <strong>LE SEIGNEUR DES ANNEAUX<\/strong> avec <a rel=\"noreferrer noopener\" href=\"https:\/\/www.imdb.com\/name\/nm0000704\/\" data-type=\"URL\" data-id=\"https:\/\/www.imdb.com\/name\/nm0000704\/\" target=\"_blank\">Elijah Wood<\/a> et <strong>WHAT&#8217;S EATING GILBERT GRAPE <\/strong>avec <a rel=\"noreferrer noopener\" href=\"https:\/\/fr.wikipedia.org\/wiki\/Gilbert_Grape\" data-type=\"URL\" data-id=\"https:\/\/fr.wikipedia.org\/wiki\/Gilbert_Grape\" target=\"_blank\">Leonardo DiCaprio<\/a>. J&#8217;admire Leonardo pour sa capacit\u00e9 \u00e0 se m\u00e9tamorphoser \u00e0 un tel point qu&#8217;il r\u00e9ussit \u00e0 convaincre les spectateurs qu&#8217;il est r\u00e9ellement atteint d&#8217;un handicap mental.<\/em> <\/p>\n\n\n\n<p class=\"has-text-align-center\">.<\/p>\n\n\n\n<p class=\"has-text-align-center\"><strong>LECTURES : <\/strong><\/p>\n\n\n\n<p><em>Je suis aussi un grand amateur de lecture, je lis dans trois langues et mes livres pr\u00e9f\u00e9r\u00e9s sont <strong>LES AVENTURES DE TINTIN<\/strong> d&#8217;<a rel=\"noreferrer noopener\" href=\"https:\/\/nl.wikipedia.org\/wiki\/Herg%C3%A9\" target=\"_blank\">Herg\u00e9<\/a>, <strong>FOX &amp; RABBIT<\/strong> de <a rel=\"noreferrer noopener\" href=\"https:\/\/www.bethferry.com\/\" target=\"_blank\">Beth Ferry<\/a> et <strong>\u0427\u0415\u0411\u0423\u0420\u0410\u0428\u041a\u0410<\/strong> d&#8217;<a rel=\"noreferrer noopener\" href=\"https:\/\/ru.wikipedia.org\/wiki\/%D0%A3%D1%81%D0%BF%D0%B5%D0%BD%D1%81%D0%BA%D0%B8%D0%B9,_%D0%AD%D0%B4%D1%83%D0%B0%D1%80%D0%B4_%D0%9D%D0%B8%D0%BA%D0%BE%D0%BB%D0%B0%D0%B5%D0%B2%D0%B8%D1%87\" target=\"_blank\">\u042d\u0434\u0443\u0430\u0440\u0434<\/a> <a rel=\"noreferrer noopener\" href=\"https:\/\/ru.wikipedia.org\/wiki\/%D0%A3%D1%81%D0%BF%D0%B5%D0%BD%D1%81%D0%BA%D0%B8%D0%B9,_%D0%AD%D0%B4%D1%83%D0%B0%D1%80%D0%B4_%D0%9D%D0%B8%D0%BA%D0%BE%D0%BB%D0%B0%D0%B5%D0%B2%D0%B8%D1%87\" data-type=\"URL\" data-id=\"https:\/\/ru.wikipedia.org\/wiki\/%D0%A3%D1%81%D0%BF%D0%B5%D0%BD%D1%81%D0%BA%D0%B8%D0%B9,_%D0%AD%D0%B4%D1%83%D0%B0%D1%80%D0%B4_%D0%9D%D0%B8%D0%BA%D0%BE%D0%BB%D0%B0%D0%B5%D0%B2%D0%B8%D1%87\" target=\"_blank\">\u0423\u0441\u043f\u0435\u043d\u0441\u043a\u0438\u0439<\/a>.<\/em><\/p>\n\n\n\n<p class=\"has-text-align-center\">.<\/p>\n\n\n\n<p class=\"has-text-align-center\"><strong>INT\u00c9R\u00caTS :<\/strong><\/p>\n\n\n\n<p><em>Je suis tr\u00e8s \u00e0 l&#8217;aise dans la <strong><a rel=\"noreferrer noopener\" href=\"https:\/\/youtu.be\/1WlERhUl1jo\" target=\"_blank\">NATURE<\/a><\/strong> et j&#8217;aime marcher pieds nus. J&#8217;ai \u00e9galement une grande passion pour les <strong><a rel=\"noreferrer noopener\" href=\"https:\/\/youtu.be\/P-OsvWPHaGo\" target=\"_blank\">ANIMAUX<\/a><\/strong> : j&#8217;ai un chat, deux chiens et six poules. En dehors des <strong><a href=\"https:\/\/stanislavduvetter.com\/index.php\/acting\/\" data-type=\"link\" data-id=\"https:\/\/stanislavduvetter.com\/index.php\/acting\/\">ATELIERS D&#8217;ACTING<\/a><\/strong>, je suis aussi inscrit au cours de <strong>DESSIN et PEINTURE<\/strong>, et j&#8217;aime pratiquer le <strong><a rel=\"noreferrer noopener\" href=\"https:\/\/youtu.be\/WORJMvZXvdE\" target=\"_blank\">PIANO<\/a><\/strong>. <\/em><\/p>\n\n\n\n<p class=\"has-text-align-center\">.<\/p>\n\n\n\n<p class=\"has-text-align-center\"><strong>SPORT :<\/strong><\/p>\n\n\n\n<p><em>Je suis tr\u00e8s sportif et j&#8217;aime pratiquer plusieurs activit\u00e9s telles que le <strong><a rel=\"noreferrer noopener\" href=\"https:\/\/www.instagram.com\/p\/Ch7sJG3M6sslzi21QbxCxdprBBtCsT5YroHN2U0\/\" data-type=\"URL\" data-id=\"https:\/\/www.instagram.com\/p\/Ch7sJG3M6sslzi21QbxCxdprBBtCsT5YroHN2U0\/\" target=\"_blank\">TAEKWONDO<\/a><\/strong> (ceinture verte), la <strong><a rel=\"noreferrer noopener\" href=\"https:\/\/www.facebook.com\/tatilu.duvetter\/videos\/5081977865155891\" data-type=\"URL\" data-id=\"https:\/\/www.facebook.com\/tatilu.duvetter\/videos\/5081977865155891\" target=\"_blank\">NATATION<\/a><\/strong> (Brevet trois nages), le <strong>ROLLER<\/strong>, le <strong>SKATEBOARD<\/strong> et le <strong>CYCLISME<\/strong>. Je suis \u00e9galement tr\u00e8s souple et je suis capable de faire le <strong>GRAND \u00c9CART<\/strong> facial et lat\u00e9ral.<\/em><\/p>\n\n\n\n<figure class=\"wp-block-embed aligncenter is-type-video is-provider-youtube wp-block-embed-youtube wp-embed-aspect-16-9 wp-has-aspect-ratio\"><div class=\"wp-block-embed__wrapper\">\n<iframe loading=\"lazy\" title=\"STANISLAV CASCADEUR\" width=\"960\" height=\"540\" src=\"https:\/\/www.youtube.com\/embed\/9fyE2CgDcQM?feature=oembed\" frameborder=\"0\" allow=\"accelerometer; autoplay; clipboard-write; encrypted-media; gyroscope; picture-in-picture; web-share\" allowfullscreen><\/iframe>\n<\/div><\/figure>\n\n\n\n<p class=\"has-text-align-center\">.<\/p>\n","protected":false},"excerpt":{"rendered":"<p>. FILMS : J&#8217;adore regarder des films et des dessins anim\u00e9s, surtout mes films pr\u00e9f\u00e9r\u00e9s comme HARRY POTTER avec Daniel Radcliffe; LE SEIGNEUR DES ANNEAUX avec Elijah Wood et WHAT&#8217;S EATING GILBERT GRAPE avec Leonardo DiCaprio. J&#8217;admire Leonardo pour sa capacit\u00e9 \u00e0 se m\u00e9tamorphoser \u00e0 un tel point qu&#8217;il r\u00e9ussit \u00e0 convaincre les spectateurs qu&#8217;il est r\u00e9ellement atteint d&#8217;un handicap mental. . LECTURES : Je suis aussi un grand amateur de lecture, je lis dans trois langues et mes livres pr\u00e9f\u00e9r\u00e9s sont LES AVENTURES DE TINTIN d&#8217;Herg\u00e9, FOX &amp; RABBIT de Beth Ferry et \u0427\u0415\u0411\u0423\u0420\u0410\u0428\u041a\u0410 d&#8217;\u042d\u0434\u0443\u0430\u0440\u0434 \u0423\u0441\u043f\u0435\u043d\u0441\u043a\u0438\u0439. . INT\u00c9R\u00caTS : Je suis tr\u00e8s \u00e0 l&#8217;aise dans la NATURE et j&#8217;aime marcher pieds nus. J&#8217;ai \u00e9galement une grande passion pour les ANIMAUX : j&#8217;ai un chat, deux chiens et six poules. En dehors des ATELIERS D&#8217;ACTING, je suis aussi inscrit au cours de DESSIN et PEINTURE, et j&#8217;aime pratiquer le PIANO. . SPORT : Je suis tr\u00e8s sportif et j&#8217;aime pratiquer plusieurs activit\u00e9s telles que le TAEKWONDO (ceinture verte), la NATATION (Brevet trois nages), le ROLLER, le SKATEBOARD et le CYCLISME. Je suis \u00e9galement tr\u00e8s souple et je suis capable de faire le GRAND \u00c9CART facial et lat\u00e9ral. .<\/p>\n","protected":false},"author":1,"featured_media":4692,"parent":0,"menu_order":0,"comment_status":"closed","ping_status":"closed","template":"","meta":{"footnotes":""},"class_list":["post-962","page","type-page","status-publish","has-post-thumbnail","hentry"],"acf":[],"_links":{"self":[{"href":"https:\/\/stanislavduvetter.com\/index.php\/wp-json\/wp\/v2\/pages\/962","targetHints":{"allow":["GET"]}}],"collection":[{"href":"https:\/\/stanislavduvetter.com\/index.php\/wp-json\/wp\/v2\/pages"}],"about":[{"href":"https:\/\/stanislavduvetter.com\/index.php\/wp-json\/wp\/v2\/types\/page"}],"author":[{"embeddable":true,"href":"https:\/\/stanislavduvetter.com\/index.php\/wp-json\/wp\/v2\/users\/1"}],"replies":[{"embeddable":true,"href":"https:\/\/stanislavduvetter.com\/index.php\/wp-json\/wp\/v2\/comments?post=962"}],"version-history":[{"count":94,"href":"https:\/\/stanislavduvetter.com\/index.php\/wp-json\/wp\/v2\/pages\/962\/revisions"}],"predecessor-version":[{"id":5658,"href":"https:\/\/stanislavduvetter.com\/index.php\/wp-json\/wp\/v2\/pages\/962\/revisions\/5658"}],"wp:featuredmedia":[{"embeddable":true,"href":"https:\/\/stanislavduvetter.com\/index.php\/wp-json\/wp\/v2\/media\/4692"}],"wp:attachment":[{"href":"https:\/\/stanislavduvetter.com\/index.php\/wp-json\/wp\/v2\/media?parent=962"}],"curies":[{"name":"wp","href":"https:\/\/api.w.org\/{rel}","templated":true}]}}